{"id":44398,"date":"2026-02-27T11:49:46","date_gmt":"2026-02-27T04:49:46","guid":{"rendered":"https:\/\/utschool.edu.vn\/ve-uts\/school-leadership\/"},"modified":"2026-02-27T11:49:46","modified_gmt":"2026-02-27T04:49:46","slug":"school-leadership","status":"publish","type":"page","link":"https:\/\/utschool.edu.vn\/en\/ve-uts\/school-leadership\/","title":{"rendered":"H\u1ed9i \u0111\u1ed3ng chuy\u00ean m\u00f4n"},"content":{"rendered":"","protected":false},"excerpt":{"rendered":"<p>UTS t\u1ef1 h\u00e0o v\u1ec1 \u0111\u1ed9i ng\u0169 gi\u00e1o vi\u00ean v\u00e0 nh\u00e2n vi\u00ean t\u00e2m huy\u1ebft v\u00e0 c\u00f3 n\u0103ng l\u1ef1c chuy\u00ean m\u00f4n cao<\/p>\n","protected":false},"author":1,"featured_media":0,"parent":5230,"menu_order":31,"comment_status":"closed","ping_status":"closed","template":"templates\/template_school_leadership.php","meta":{"_acf_changed":false,"footnotes":""},"class_list":["post-44398","page","type-page","status-publish","hentry"],"acf":[],"_links":{"self":[{"href":"https:\/\/utschool.edu.vn\/en\/wp-json\/wp\/v2\/pages\/44398","targetHints":{"allow":["GET"]}}],"collection":[{"href":"https:\/\/utschool.edu.vn\/en\/wp-json\/wp\/v2\/pages"}],"about":[{"href":"https:\/\/utschool.edu.vn\/en\/wp-json\/wp\/v2\/types\/page"}],"author":[{"embeddable":true,"href":"https:\/\/utschool.edu.vn\/en\/wp-json\/wp\/v2\/users\/1"}],"replies":[{"embeddable":true,"href":"https:\/\/utschool.edu.vn\/en\/wp-json\/wp\/v2\/comments?post=44398"}],"version-history":[{"count":0,"href":"https:\/\/utschool.edu.vn\/en\/wp-json\/wp\/v2\/pages\/44398\/revisions"}],"up":[{"embeddable":true,"href":"https:\/\/utschool.edu.vn\/en\/wp-json\/wp\/v2\/pages\/5230"}],"wp:attachment":[{"href":"https:\/\/utschool.edu.vn\/en\/wp-json\/wp\/v2\/media?parent=44398"}],"curies":[{"name":"wp","href":"https:\/\/api.w.org\/{rel}","templated":true}]}}