{"id":44303,"date":"2026-04-22T11:10:19","date_gmt":"2026-04-22T04:10:19","guid":{"rendered":"https:\/\/utschool.edu.vn\/tuyen-dung-uts-2\/"},"modified":"2026-04-20T14:09:46","modified_gmt":"2026-04-20T07:09:46","slug":"careers","status":"publish","type":"page","link":"https:\/\/utschool.edu.vn\/en\/careers\/","title":{"rendered":"Careers"},"content":{"rendered":"","protected":false},"excerpt":{"rendered":"<p>\u0110\u1ecbnh h\u01b0\u1edbng Beyond Learning \u0111\u01b0\u1ee3c thi\u1ebft k\u1ebf nh\u1eb1m \u0111\u1ed3ng h\u00e0nh c\u00f9ng m\u1ed7i UTS-er tr\u00ean h\u00e0nh tr\u00ecnh kh\u00e1m ph\u00e1 th\u1ebf m\u1ea1nh ri\u00eang, nu\u00f4i d\u01b0\u1ee1ng n\u0103ng l\u1ef1c c\u00e1 nh\u00e2n v\u00e0 ph\u00e1t tri\u1ec3n to\u00e0n di\u1ec7n v\u01b0\u1ee3t ra ngo\u00e0i khu\u00f4n kh\u1ed5 h\u1ecdc thu\u1eadt<\/p>\n","protected":false},"author":3,"featured_media":0,"parent":0,"menu_order":50,"comment_status":"closed","ping_status":"closed","template":"templates\/template_beyond.php","meta":{"_acf_changed":false,"footnotes":""},"class_list":["post-44303","page","type-page","status-publish","hentry"],"acf":[],"_links":{"self":[{"href":"https:\/\/utschool.edu.vn\/en\/wp-json\/wp\/v2\/pages\/44303","targetHints":{"allow":["GET"]}}],"collection":[{"href":"https:\/\/utschool.edu.vn\/en\/wp-json\/wp\/v2\/pages"}],"about":[{"href":"https:\/\/utschool.edu.vn\/en\/wp-json\/wp\/v2\/types\/page"}],"author":[{"embeddable":true,"href":"https:\/\/utschool.edu.vn\/en\/wp-json\/wp\/v2\/users\/3"}],"replies":[{"embeddable":true,"href":"https:\/\/utschool.edu.vn\/en\/wp-json\/wp\/v2\/comments?post=44303"}],"version-history":[{"count":17,"href":"https:\/\/utschool.edu.vn\/en\/wp-json\/wp\/v2\/pages\/44303\/revisions"}],"predecessor-version":[{"id":44567,"href":"https:\/\/utschool.edu.vn\/en\/wp-json\/wp\/v2\/pages\/44303\/revisions\/44567"}],"wp:attachment":[{"href":"https:\/\/utschool.edu.vn\/en\/wp-json\/wp\/v2\/media?parent=44303"}],"curies":[{"name":"wp","href":"https:\/\/api.w.org\/{rel}","templated":true}]}}