{"id":44070,"date":"2026-04-01T09:14:57","date_gmt":"2026-04-01T02:14:57","guid":{"rendered":"https:\/\/utschool.com.vn\/uts-virtual-museum\/du-an-nghe-thuat\/"},"modified":"2026-04-09T20:42:10","modified_gmt":"2026-04-09T13:42:10","slug":"du-an-nghe-thuat","status":"publish","type":"page","link":"https:\/\/utschool.edu.vn\/en\/uts-virtual-museum\/arts-project\/","title":{"rendered":"Arts"},"content":{"rendered":"","protected":false},"excerpt":{"rendered":"<p>C\u00e1c d\u1ef1 \u00e1n Ngh\u1ec7 thu\u1eadt t\u1ea1i UTS mang \u0111\u1ebfn cho h\u1ecdc sinh s\u1ef1 hi\u1ec3u bi\u1ebft, kh\u1ea3 n\u0103ng th\u01b0\u1edfng th\u1ee9c, th\u1ef1c h\u00e0nh v\u00e0 s\u00e1ng t\u1ea1o, gi\u00fap c\u00e1c em ph\u00e1t tri\u1ec3n n\u0103ng l\u1ef1c c\u00e1 nh\u00e2n<\/p>\n","protected":false},"author":3,"featured_media":0,"parent":5283,"menu_order":8,"comment_status":"closed","ping_status":"closed","template":"templates\/template_student-life.php","meta":{"_acf_changed":false,"footnotes":""},"class_list":["post-44070","page","type-page","status-publish","hentry"],"acf":[],"_links":{"self":[{"href":"https:\/\/utschool.edu.vn\/en\/wp-json\/wp\/v2\/pages\/44070","targetHints":{"allow":["GET"]}}],"collection":[{"href":"https:\/\/utschool.edu.vn\/en\/wp-json\/wp\/v2\/pages"}],"about":[{"href":"https:\/\/utschool.edu.vn\/en\/wp-json\/wp\/v2\/types\/page"}],"author":[{"embeddable":true,"href":"https:\/\/utschool.edu.vn\/en\/wp-json\/wp\/v2\/users\/3"}],"replies":[{"embeddable":true,"href":"https:\/\/utschool.edu.vn\/en\/wp-json\/wp\/v2\/comments?post=44070"}],"version-history":[{"count":2,"href":"https:\/\/utschool.edu.vn\/en\/wp-json\/wp\/v2\/pages\/44070\/revisions"}],"predecessor-version":[{"id":44072,"href":"https:\/\/utschool.edu.vn\/en\/wp-json\/wp\/v2\/pages\/44070\/revisions\/44072"}],"up":[{"embeddable":true,"href":"https:\/\/utschool.edu.vn\/en\/wp-json\/wp\/v2\/pages\/5283"}],"wp:attachment":[{"href":"https:\/\/utschool.edu.vn\/en\/wp-json\/wp\/v2\/media?parent=44070"}],"curies":[{"name":"wp","href":"https:\/\/api.w.org\/{rel}","templated":true}]}}